{"id":468,"date":"2016-04-07T18:03:56","date_gmt":"2016-04-07T16:03:56","guid":{"rendered":"http:\/\/barberodavide.it\/dbarbero\/?page_id=468"},"modified":"2019-04-01T09:30:45","modified_gmt":"2019-04-01T07:30:45","slug":"privacy-policy","status":"publish","type":"page","link":"https:\/\/www.barberodavide.it\/en\/privacy-policy\/","title":{"rendered":"Privacy Policy"},"content":{"rendered":"<p><div class=\"fusion-fullwidth fullwidth-box hundred-percent-fullwidth non-hundred-percent-height-scrolling\"  style='background-color: rgba(255,255,255,0);background-position: center center;background-repeat: no-repeat;padding-top:0px;padding-right:0px;padding-bottom:0px;padding-left:0px;'><div class=\"fusion-builder-row fusion-row \"><div  class=\"fusion-layout-column fusion_builder_column fusion_builder_column_1_1  fusion-one-full fusion-column-first fusion-column-last fusion-column-no-min-height 1_1\"  style='margin-top:0px;margin-bottom:0px;'>\r\n\t\t\t\t\t<div class=\"fusion-column-wrapper\" style=\"background-position:left top;background-repeat:no-repeat;-webkit-background-size:cover;-moz-background-size:cover;-o-background-size:cover;background-size:cover;\"   data-bg-url=\"\">\r\n\t\t\t\t\t\t<div class=\"fusion-clearfix\"><\/div>\r\n\r\n\t\t\t\t\t<\/div>\r\n\t\t\t\t<\/div><\/div><\/div><div class=\"fusion-fullwidth fullwidth-box nonhundred-percent-fullwidth non-hundred-percent-height-scrolling\"  style='background-color: rgba(255,255,255,0);background-position: left top;background-repeat: no-repeat;padding-top:20px;padding-bottom:20px;border-top-width:0px;border-bottom-width:0px;border-color:#eae9e9;border-top-style:solid;border-bottom-style:solid;'><div class=\"fusion-builder-row fusion-row \"><div  class=\"fusion-layout-column fusion_builder_column fusion_builder_column_1_1  fusion-one-full fusion-column-first fusion-column-last privacy_container 1_1\"  style='margin-top:0px;margin-bottom:20px;'>\r\n\t\t\t\t\t<div class=\"fusion-column-wrapper\" style=\"background-position:left top;background-repeat:no-repeat;-webkit-background-size:cover;-moz-background-size:cover;-o-background-size:cover;background-size:cover;\"   data-bg-url=\"\">\r\n\t\t\t\t\t\t<div class=\"fusion-text\"><h1>PRIVACY POLICY<\/h1>\n<p>In queste pagine si descrivono le modalit\u00e0 di gestione del presente sito in relazione al trattamento dei dati personali degli utenti che lo consultano. Si tratta di un&#8217;informativa resa anche ai sensi dell&#8217;art. 13 del D.Lgs. 196\/2003 ss. mm. ii. (Codice in materia di protezione dei dati personali) a coloro che interagiscono con i servizi web della societ\u00e0 <b>Barbero Davide srl<\/b>, accessibili per via telematica a partire dall\u2019indirizzo:<b>www.barberodavide.it<\/b>, corrispondente alla pagina iniziale del sito ufficiale della <b>Barbero Davide srl.<\/b> L\u2019informativa \u00e8 resa solo per il sito web della <b>Barbero Davide srl<\/b>, non anche per altri siti web eventualmente consultati dall\u2019utente tramite link. L&#8217;informativa si ispira anche alla Raccomandazione n. 2\/2001 che le Autorit\u00e0 Europee per la protezione dei dati personali, riunite nel Gruppo istituito dall&#8217;art. 29 della direttiva n. 95\/46\/CE, hanno adottato il 17 maggio 2001 per individuare alcuni requisiti minimi per la raccolta di dati personali on line e, in particolare, le modalit\u00e0, i tempi e la natura delle informazioni che i titolari del trattamento devono fornire agli utenti quando questi si collegano a pagine web, indipendentemente dagli scopi del collegamento.<\/p>\n<h2>Titolare del trattamento dei dati<\/h2>\n<p>A seguito della consultazione di questo sito possono essere trattati dati relativi a persone identificate o identificabili: titolare del loro trattamento \u00e8 la <b>Barbero Davide srl<\/b>, con sede in <b>Via Brofferio 84 &#8211; 14100 Asti<\/b>in persona del legale rappresentante <b>Davide Maddaleno<\/b>.<\/p>\n<h2>Luogo di trattamento dei dati<\/h2>\n<p>I trattamenti connessi ai servizi web di questo sito hanno luogo presso la sede della scrivente societ\u00e0 e dei soggetti cui gli stessi sono comunicati, nonch\u00e9 presso la sede del provider ove \u00e8 ubicato il server deputato alla registrazione dei dati; detti trattamenti sono curati solo da personale autorizzato o da soggetti eventualmente incaricati di occasionali operazioni di manutenzione. I dati personali forniti dagli utenti che inoltrano richieste di informazioni e\/o servizi sono utilizzati al fine di eseguire il servizio e\/o la prestazione richiesta o per l\u2019invio di materiale pubblicitario (mail, sms) inerente la sola attivit\u00e0 della <b>Barbero Davide srl<\/b>.<\/p>\n<h2>Tipologie di dati trattati<\/h2>\n<h3>A) Dati di navigazione<\/h3>\n<p>I sistemi informatici e le procedure software preposte al funzionamento di questo sito web acquisiscono, nel corso del loro normale esercizio, alcuni dati personali la cui trasmissione \u00e8 implicita nell&#8217;uso dei protocolli di comunicazione di Internet. Si tratta di informazioni che non sono raccolte per essere associate a interessati identificati, ma che per loro stessa natura potrebbero, attraverso elaborazioni ed associazioni con dati detenuti da terzi, permettere di identificare gli utenti. In questa categoria di dati rientrano gli indirizzi IP o i nomi a dominio dei computer utilizzati dagli utenti che si connettono al sito, gli indirizzi in notazione URI (Uniform Resource Identifier) delle risorse richieste, l&#8217;orario della richiesta, il metodo utilizzato nel sottoporre la richiesta al server, la dimensione del file ottenuto in risposta, il codice numerico indicante lo stato della risposta data dal server (buon fine, errore ecc.) ed altri parametri relativi al sistema operativo e all&#8217;ambiente informatico dell&#8217;utente. Questi dati vengono utilizzati al solo fine di ricavare informazioni statistiche anonime sull&#8217;uso del sito e per controllarne il corretto funzionamento. I dati potrebbero essere utilizzati per l&#8217;accertamento di responsabilit\u00e0 in caso di ipotetici reati informatici ai danni del sito.<\/p>\n<h3>B) Dati forniti volontariamente dall&#8217;utente<\/h3>\n<p>L&#8217;invio facoltativo, esplicito e volontario di posta elettronica agli indirizzi indicati all\u2019interno del sito comporta la successiva acquisizione dell&#8217;indirizzo del mittente, indispensabile per rispondere alle richieste, nonch\u00e9 degli eventuali altri dati personali inseriti nel messaggio. Il loro mancato conferimento, anche parziale, potr\u00e0 comportare l&#8217;impossibilit\u00e0 ad ottenere quanto richiesto.<\/p>\n<h2>Utilizzo dei dati<\/h2>\n<p><b>Barbero Davide srl<\/b>\u00a0utilizza i vostri dati personali esclusivamente nel rispetto delle norme di legge. Raccogliamo e trattiamo i dati personali che ci mettete a disposizione all\u2019atto della vostra registrazione trasferendoli solo ed esclusivamente a Lyoness (www.lyoness.com\/it\/privacy-policy) e nel corso della vostra adesione esclusivamente per adempiere ai nostri obblighi contrattuali nei vostri confronti ed, inoltre, soltanto nei casi in cui conferiate il vostro esplicito consenso.<\/p>\n<p>Previo vostro espresso consenso, utilizziamo i vostri dati anche per finalit\u00e0 commerciali e di marketing.<\/p>\n<h2>Cookies<\/h2>\n<p>Al fine di rendere i propri servizi il pi\u00f9 possibile efficienti e semplici da utilizzare questo Sito fa uso di cookies. Pertanto, quando si visita il Sito, viene inserita una quantit\u00e0 minima di informazioni nel dispositivo dell&#8217;Utente, come piccoli file di testo chiamati &#8220;cookie&#8221;, che vengono salvati nella directory del browser Web dell&#8217;Utente. Esistono diversi tipi di cookie, ma sostanzialmente lo scopo principale di un cookie \u00e8 quello di far funzionare pi\u00f9 efficacemente il Sito e di abilitarne determinate funzionalit\u00e0. I cookie sono utilizzati per migliorare la navigazione globale dell&#8217;Utente. In particolare: Consentono di navigare in modo efficiente da una pagina all&#8217;altra del sito Web. Memorizzano il nome utente e le preferenze inserite. Consentono di evitare di inserire le stesse informazioni (come nome utente e password) pi\u00f9 volte durante la visita. Misurano l&#8217;utilizzo dei servizi da parte degli Utenti, per ottimizzare l&#8217;esperienza di navigazione e i servizi stessi. Presentano informazioni pubblicitarie mirate in funzione degli interessi e del comportamento manifestato dall&#8217;Utente durante la navigazione. Esistono vari tipi di cookie. Qui di seguito sono riportati i tipi cookie che possono essere utilizzati nel Sito con una descrizione della finalit\u00e0 legata all&#8217;uso.<\/p>\n<h3>Cookie tecnici<\/h3>\n<p>I cookie di questo tipo sono necessari per il corretto funzionamento di alcune aree del sito. I cookie di questa categoria comprendono sia cookie persistenti che cookie di sessione. In assenza di tali cookie, il sito o alcune porzioni di esso potrebbero non funzionare correttamente. Pertanto, vengono sempre utilizzati, indipendentemente dalle preferenze dall&#8217;utente. I cookie di questa categoria vengono sempre inviati dal nostro dominio.<\/p>\n<h3>Cookie analitici<\/h3>\n<p>I cookie di questo tipo vengono utilizzati per raccogliere informazioni sull&#8217;utilizzo del sito. Il Titolare usa tali informazioni per analisi statistiche, per migliorare il sito e semplificarne l&#8217;utilizzo, oltre che per monitorarne il corretto funzionamento. Questo tipo di cookie raccoglie informazioni in forma anonima sull&#8217;attivit\u00e0 degli utenti nel sito e sul modo in cui sono arrivati al Sito e alle pagine visitate. I cookie di questa categoria vengono inviati dal Sito stesso o da domini di terze parti. Cookie di rilevamento di terze parti I cookie di questo tipo vengono utilizzati per raccogliere informazioni sull&#8217;utilizzo del sito Web da parte dei visitatori, le parole chiave usate per raggiungere il sito, i siti Web visitati e le origini del traffico da cui provengono i visitatori per le campagne di marketing. Il titolare pu\u00f2 utilizzare tali informazioni per compilare rapporti e migliorare il Sito. I cookie raccolgono informazioni in forma anonima. I cookie di questo tipo vengono inviati dal Sito stesso o da domini di terze parti. Cookie per l&#8217;integrazione di funzionalit\u00e0 di terze parti I cookie di questo tipo vengono utilizzati per integrare funzionalit\u00e0 di terze parti nel Sito (ad esempio, moduli per i commenti o icone di social network che consentono ai visitatori di condividere il contenuto del sito). I cookie di questa categoria possono essere inviati dai domini dei siti partner o che comunque offrono le funzionalit\u00e0 presenti nel sito. Il Titolare non \u00e8 tenuto a richiedere il consenso dell&#8217;utente per i cookie tecnici, poich\u00e9 questi sono strettamente necessari per la fornitura del servizio. Per le altre tipologie di cookie il consenso pu\u00f2 essere espresso dall&#8217;Utente, conformemente alla normativa vigente, mediante specifiche configurazioni del browser e di programmi informatici o di dispositivi che siano di facile e chiara utilizzabilit\u00e0 per l&#8217;Utente. Il Titolare ricorda all&#8217;Utente che \u00e8 possibile modificare le preferenze relative ai cookie in qualsiasi momento. \u00c8 anche possibile disabilitare in qualsiasi momento i cookie dal browser , ma questa operazione potrebbe impedire all&#8217;Utente di utilizzare alcune parti del Sito.<\/p>\n<h2>Siti Web di terze parti<\/h2>\n<p>Il sito di contiene collegamenti ad altri siti Web che dispongono di una propria informativa sulla privacy. Queste informative sulla privacy possono essere diverse da quella adottata dal Titolare, che quindi non risponde per Siti di terze parti. Ai sensi dell&#8217;art. 122 secondo comma del D.lgs. 196\/2003 il consenso all&#8217;utilizzo di tali cookie \u00e8 espresso dall&#8217;interessato mediante il settaggio individuale che ha scelto liberamente per il browser utilizzato per la navigazione nel sito, ferma restando la facolt\u00e0 dell&#8217;utente di comunicare in ogni momento al Titolare del trattamento la propria volont\u00e0 in merito ad dati gestiti per il tramite dei cookie che il browser stesso abbia accettato. Raccolta di dati personali effettuata on line &#8211; Facoltativit\u00e0 del conferimento dei dati In relazione alla raccolta di dati effettuata direttamente sul sito web, si rende noto che le informazioni essenziali sul trattamento operato per questa via vengono fornite nel contesto della raccolta (es.: al termine di ciascun form di registrazione), mentre \u00e8 sempre possibile accedere alla pagina web contenente l&#8217;informativa privacy resa in forma pi\u00f9 articolata. In particolare specifiche informative di sintesi verranno, di volta in volta, riportate o visualizzate nelle pagine del sito predisposte per particolari servizi a richiesta. Il conferimento dei dati richiesti \u00e8 facoltativo, ma pu\u00f2 risultare strettamente necessario per fruire dei servizi offerti dalla <b>Barbero Davide srl<\/b>: il loro mancato conferimento pu\u00f2 potr\u00e0 quindi comportare l&#8217;impossibilit\u00e0 ad ottenere quanto richiesto. L&#8217;invio, facoltativo e volontario, di posta elettronica all&#8217;indirizzo <b>info@www.barberodavide.it<\/b>, ovvero ad ogni altro indirizzo email della scrivente <b>Barbero Davide srl<\/b>, comporta la successiva acquisizione dell&#8217;indirizzo del mittente, necessario per rispondere alle richieste, nonch\u00e9 degli eventuali altri dati personali inseriti nella missiva.<\/p>\n<h2>Modalit\u00e0 del trattamento dei dati<\/h2>\n<p>I dati personali sono trattati con strumenti automatizzati per il tempo strettamente necessario a conseguire gli scopi per cui sono stati raccolti. Specifiche misure di sicurezza sono osservate per prevenire la perdita dei dati, gli usi illeciti o non corretti ed accessi non autorizzati.<\/p>\n<h2>Diritti degli interessati<\/h2>\n<p>La informiamo infine che il D. Lgs. n. 196\/03 conferisce all&#8217;interessato l&#8217;esercizio di specifici diritti. In particolare, l&#8217;interessato pu\u00f2 ottenere dal titolare la conferma dell&#8217;esistenza o meno di propri dati personali e che tali dati gli vengano comunicati in forma intelligibile. L&#8217;interessato ha altres\u00ec il diritto di ottenere l&#8217;indicazione dell&#8217;origine dei dati personali, delle finalit\u00e0 e modalit\u00e0 del trattamento, della logica applicata in caso di trattamento effettuato con l&#8217;ausilio di strumenti elettronici, degli estremi identificativi del titolare e dei responsabili nonch\u00e9 dei soggetti o categorie di soggetti ai quali i dati personali possono essere comunicati o che ne possono venire a conoscenza. L&#8217;interessato ha, anche, il diritto di ottenere l&#8217;aggiornamento, la rettificazione o, se vi \u00e8 interesse, l&#8217;integrazione dei dati, la cancellazione, la trasformazione in forma anonima o il blocco dei dati trattati in violazione della disciplina nonch\u00e9 l&#8217;attestazione che dette operazioni sono state portate a conoscenza di coloro ai quali i dati sono stati comunicati o diffusi. L&#8217;interessato infine ha diritto di opporsi, per motivi legittimi, al trattamento di dati che lo riguardano e al trattamento di dati personali che lo riguardano ai fini dell&#8217;invio di materiale pubblicitario o di vendita diretta o per il compimento di ricerche di mercato o di comunicazione commerciale. Pu\u00f2 rivolgersi, per tutto ci\u00f2, alla <b>Barbero Davide srl<\/b>, in persona del legale rappresentante, Titolare del trattamento, con semplice comunicazione a mezzo lettera, fax o email. Titolare e Responsabile del trattamento dei dati personali \u2013 Titolare del trattamento dei Suoi dati personali \u00e8 la societ\u00e0 <b>Barbero Davide srl<\/b>, con sede legale in <b>Via Brofferio 84, ad Asti<\/b>. L\u2019elenco completo ed aggiornato dei responsabili che effettuano il trattamento dei Suoi dati pu\u00f2 essere richiesto direttamente alla Societ\u00e0 (a mezzo telefono: e-mail: <b>info@www.barberodavide.it<\/b>).<\/p>\n<p><strong>Barbero Davide srl<\/strong><br \/>\n<strong> Via Brofferio 84 &#8211; 14100 Asti<\/strong><br \/>\n<strong> Partita IVA: 00630770055<\/strong><\/p>\n<\/div><div class=\"fusion-clearfix\"><\/div>\r\n\r\n\t\t\t\t\t<\/div>\r\n\t\t\t\t<\/div><\/div><\/div><div class=\"fusion-fullwidth fullwidth-box hundred-percent-fullwidth non-hundred-percent-height-scrolling\"  style='background-color: rgba(255,255,255,0);background-position: center center;background-repeat: no-repeat;padding-top:0px;padding-right:0px;padding-bottom:0px;padding-left:0px;'><div class=\"fusion-builder-row fusion-row \"><div  class=\"fusion-layout-column fusion_builder_column fusion_builder_column_1_1  fusion-one-full fusion-column-first fusion-column-last fusion-column-no-min-height 1_1\"  style='margin-top:0px;margin-bottom:0px;'>\r\n\t\t\t\t\t<div class=\"fusion-column-wrapper\" style=\"background-position:left top;background-repeat:no-repeat;-webkit-background-size:cover;-moz-background-size:cover;-o-background-size:cover;background-size:cover;\"   data-bg-url=\"\">\r\n\t\t\t\t\t\t<div class=\"fusion-clearfix\"><\/div>\r\n\r\n\t\t\t\t\t<\/div>\r\n\t\t\t\t<\/div><\/div><\/div><\/p>\n","protected":false},"excerpt":{"rendered":"","protected":false},"author":1,"featured_media":0,"parent":0,"menu_order":0,"comment_status":"closed","ping_status":"closed","template":"","meta":{"footnotes":""},"class_list":["post-468","page","type-page","status-publish","hentry"],"_links":{"self":[{"href":"https:\/\/www.barberodavide.it\/en\/wp-json\/wp\/v2\/pages\/468","targetHints":{"allow":["GET"]}}],"collection":[{"href":"https:\/\/www.barberodavide.it\/en\/wp-json\/wp\/v2\/pages"}],"about":[{"href":"https:\/\/www.barberodavide.it\/en\/wp-json\/wp\/v2\/types\/page"}],"author":[{"embeddable":true,"href":"https:\/\/www.barberodavide.it\/en\/wp-json\/wp\/v2\/users\/1"}],"replies":[{"embeddable":true,"href":"https:\/\/www.barberodavide.it\/en\/wp-json\/wp\/v2\/comments?post=468"}],"version-history":[{"count":1,"href":"https:\/\/www.barberodavide.it\/en\/wp-json\/wp\/v2\/pages\/468\/revisions"}],"predecessor-version":[{"id":2370,"href":"https:\/\/www.barberodavide.it\/en\/wp-json\/wp\/v2\/pages\/468\/revisions\/2370"}],"wp:attachment":[{"href":"https:\/\/www.barberodavide.it\/en\/wp-json\/wp\/v2\/media?parent=468"}],"curies":[{"name":"wp","href":"https:\/\/api.w.org\/{rel}","templated":true}]}}